{"id":4466,"date":"2023-03-08T23:36:16","date_gmt":"2023-03-08T20:36:16","guid":{"rendered":"https:\/\/triogida.com.tr\/?post_type=product&#038;p=4466"},"modified":"2023-03-20T22:40:42","modified_gmt":"2023-03-20T19:40:42","slug":"trizyme-fr-4000","status":"publish","type":"product","link":"https:\/\/triogida.com.tr\/ru\/trizyme-fr-4000\/","title":{"rendered":"trizyme FR 4000"},"content":{"rendered":"","protected":false},"excerpt":{"rendered":"<p><strong>\u00dcr\u00fcn \u00d6zellikleri:<\/strong> Dondurulmu\u015f mayal\u0131 \u00fcr\u00fcnler i\u00e7in geli\u015ftirici<\/p>\n<p><strong>Etkileri:<\/strong><\/p>\n<ul>\n<li style=\"list-style-type: none;\">\n<ul>\n<li>Maya faaliyetini destekler.<\/li>\n<li>Son \u00fcr\u00fcnde kalite ve renk problemlerini \u00f6nler.<\/li>\n<\/ul>\n<\/li>\n<\/ul>\n<p><strong>Kullan\u0131m Oranlar\u0131:<\/strong> 20-40 gr\/100 kg una<\/p>\n<p><strong>Ambalaj:<\/strong> 25 kg Karton koli<\/p>\n","protected":false},"featured_media":4496,"comment_status":"open","ping_status":"closed","template":"","meta":[],"product_brand":[],"product_cat":[37],"product_tag":[],"class_list":{"0":"post-4466","1":"product","2":"type-product","3":"status-publish","4":"has-post-thumbnail","6":"product_cat-endustriyel-urunler","8":"first","9":"instock","10":"shipping-taxable","11":"product-type-simple"},"_links":{"self":[{"href":"https:\/\/triogida.com.tr\/ru\/wp-json\/wp\/v2\/product\/4466","targetHints":{"allow":["GET"]}}],"collection":[{"href":"https:\/\/triogida.com.tr\/ru\/wp-json\/wp\/v2\/product"}],"about":[{"href":"https:\/\/triogida.com.tr\/ru\/wp-json\/wp\/v2\/types\/product"}],"replies":[{"embeddable":true,"href":"https:\/\/triogida.com.tr\/ru\/wp-json\/wp\/v2\/comments?post=4466"}],"wp:featuredmedia":[{"embeddable":true,"href":"https:\/\/triogida.com.tr\/ru\/wp-json\/wp\/v2\/media\/4496"}],"wp:attachment":[{"href":"https:\/\/triogida.com.tr\/ru\/wp-json\/wp\/v2\/media?parent=4466"}],"wp:term":[{"taxonomy":"product_brand","embeddable":true,"href":"https:\/\/triogida.com.tr\/ru\/wp-json\/wp\/v2\/product_brand?post=4466"},{"taxonomy":"product_cat","embeddable":true,"href":"https:\/\/triogida.com.tr\/ru\/wp-json\/wp\/v2\/product_cat?post=4466"},{"taxonomy":"product_tag","embeddable":true,"href":"https:\/\/triogida.com.tr\/ru\/wp-json\/wp\/v2\/product_tag?post=4466"}],"curies":[{"name":"wp","href":"https:\/\/api.w.org\/{rel}","templated":true}]}}