{"id":4465,"date":"2023-03-08T23:36:16","date_gmt":"2023-03-08T20:36:16","guid":{"rendered":"https:\/\/triogida.com.tr\/?post_type=product&#038;p=4465"},"modified":"2023-03-20T22:40:38","modified_gmt":"2023-03-20T19:40:38","slug":"trizyme-bv-4000","status":"publish","type":"product","link":"https:\/\/triogida.com.tr\/ru\/trizyme-bv-4000\/","title":{"rendered":"trizyme BV 4000"},"content":{"rendered":"","protected":false},"excerpt":{"rendered":"<p><strong>\u00dcr\u00fcn \u00d6zellikleri:<\/strong> Bisk\u00fcvi ve kraker yap\u0131m\u0131nda kullan\u0131lan enzim<\/p>\n<p><strong>Etkileri:<\/strong><\/p>\n<ul>\n<li style=\"list-style-type: none;\">\n<ul>\n<li>Hamurun yo\u011frulma s\u00fcresini d\u00fc\u015f\u00fcr\u00fcr.<\/li>\n<li>Bisk\u00fcvi ve krakerin kal\u0131nl\u0131\u011f\u0131n\u0131 d\u00fczenler.<\/li>\n<li>Bisk\u00fcvi ve krakerde k\u0131r\u0131lma ve \u00e7atlamay\u0131 azalt\u0131r.<\/li>\n<\/ul>\n<\/li>\n<\/ul>\n<p><strong>Kullan\u0131m Oranlar\u0131:<\/strong> 15 &#8212; 100 gr\/100 kg una<\/p>\n<p><strong>Ambalaj:<\/strong> 25 kg Karton koli<\/p>\n","protected":false},"featured_media":4495,"comment_status":"open","ping_status":"closed","template":"","meta":[],"product_brand":[],"product_cat":[37],"product_tag":[],"class_list":{"0":"post-4465","1":"product","2":"type-product","3":"status-publish","4":"has-post-thumbnail","6":"product_cat-endustriyel-urunler","8":"first","9":"instock","10":"shipping-taxable","11":"product-type-simple"},"_links":{"self":[{"href":"https:\/\/triogida.com.tr\/ru\/wp-json\/wp\/v2\/product\/4465","targetHints":{"allow":["GET"]}}],"collection":[{"href":"https:\/\/triogida.com.tr\/ru\/wp-json\/wp\/v2\/product"}],"about":[{"href":"https:\/\/triogida.com.tr\/ru\/wp-json\/wp\/v2\/types\/product"}],"replies":[{"embeddable":true,"href":"https:\/\/triogida.com.tr\/ru\/wp-json\/wp\/v2\/comments?post=4465"}],"wp:featuredmedia":[{"embeddable":true,"href":"https:\/\/triogida.com.tr\/ru\/wp-json\/wp\/v2\/media\/4495"}],"wp:attachment":[{"href":"https:\/\/triogida.com.tr\/ru\/wp-json\/wp\/v2\/media?parent=4465"}],"wp:term":[{"taxonomy":"product_brand","embeddable":true,"href":"https:\/\/triogida.com.tr\/ru\/wp-json\/wp\/v2\/product_brand?post=4465"},{"taxonomy":"product_cat","embeddable":true,"href":"https:\/\/triogida.com.tr\/ru\/wp-json\/wp\/v2\/product_cat?post=4465"},{"taxonomy":"product_tag","embeddable":true,"href":"https:\/\/triogida.com.tr\/ru\/wp-json\/wp\/v2\/product_tag?post=4465"}],"curies":[{"name":"wp","href":"https:\/\/api.w.org\/{rel}","templated":true}]}}