{"id":4452,"date":"2023-03-08T23:36:15","date_gmt":"2023-03-08T20:36:15","guid":{"rendered":"https:\/\/triogida.com.tr\/?post_type=product&#038;p=4452"},"modified":"2023-03-20T22:48:19","modified_gmt":"2023-03-20T19:48:19","slug":"trizyme-pl-3000","status":"publish","type":"product","link":"https:\/\/triogida.com.tr\/ru\/trizyme-pl-3000\/","title":{"rendered":"trizyme PL 3000"},"content":{"rendered":"","protected":false},"excerpt":{"rendered":"<p><strong>\u00dcr\u00fcn \u00d6zellikleri:<\/strong> Pide \u00e7e\u015fitleri i\u00e7in geli\u015ftirici<\/p>\n<p><strong>Etkileri:<\/strong><\/p>\n<ul>\n<li>Hamurun dayan\u0131kl\u0131 ve rahat olmas\u0131n\u0131 sa\u011flar.<\/li>\n<li>Pide rengini ve g\u00f6r\u00fcn\u00fcm\u00fcn\u00fc iyile\u015ftirir.<\/li>\n<li>Bayatlama s\u00fcresini azalt\u0131r.<\/li>\n<\/ul>\n<p><strong>Kullan\u0131m Oranlar\u0131:<\/strong> 5 &#8212; 10 gr\/100 kg una<\/p>\n<p><strong>Ambalaj:<\/strong> 25 kg Karton koli<\/p>\n","protected":false},"featured_media":4482,"comment_status":"open","ping_status":"closed","template":"","meta":[],"product_brand":[],"product_cat":[48,30,36],"product_tag":[],"class_list":{"0":"post-4452","1":"product","2":"type-product","3":"status-publish","4":"has-post-thumbnail","6":"product_cat-ekmeklik-unlar","7":"product_cat-un-gelistiriciler","8":"product_cat-vitamin-mineraller","10":"first","11":"instock","12":"shipping-taxable","13":"product-type-simple"},"_links":{"self":[{"href":"https:\/\/triogida.com.tr\/ru\/wp-json\/wp\/v2\/product\/4452","targetHints":{"allow":["GET"]}}],"collection":[{"href":"https:\/\/triogida.com.tr\/ru\/wp-json\/wp\/v2\/product"}],"about":[{"href":"https:\/\/triogida.com.tr\/ru\/wp-json\/wp\/v2\/types\/product"}],"replies":[{"embeddable":true,"href":"https:\/\/triogida.com.tr\/ru\/wp-json\/wp\/v2\/comments?post=4452"}],"wp:featuredmedia":[{"embeddable":true,"href":"https:\/\/triogida.com.tr\/ru\/wp-json\/wp\/v2\/media\/4482"}],"wp:attachment":[{"href":"https:\/\/triogida.com.tr\/ru\/wp-json\/wp\/v2\/media?parent=4452"}],"wp:term":[{"taxonomy":"product_brand","embeddable":true,"href":"https:\/\/triogida.com.tr\/ru\/wp-json\/wp\/v2\/product_brand?post=4452"},{"taxonomy":"product_cat","embeddable":true,"href":"https:\/\/triogida.com.tr\/ru\/wp-json\/wp\/v2\/product_cat?post=4452"},{"taxonomy":"product_tag","embeddable":true,"href":"https:\/\/triogida.com.tr\/ru\/wp-json\/wp\/v2\/product_tag?post=4452"}],"curies":[{"name":"wp","href":"https:\/\/api.w.org\/{rel}","templated":true}]}}