{"id":4447,"date":"2023-03-08T23:36:15","date_gmt":"2023-03-08T20:36:15","guid":{"rendered":"https:\/\/triogida.com.tr\/?post_type=product&#038;p=4447"},"modified":"2023-03-20T22:46:28","modified_gmt":"2023-03-20T19:46:28","slug":"trizyme-ba-3000","status":"publish","type":"product","link":"https:\/\/triogida.com.tr\/ru\/trizyme-ba-3000\/","title":{"rendered":"trizyme BA 3000"},"content":{"rendered":"","protected":false},"excerpt":{"rendered":"<p><strong>\u00dcr\u00fcn \u00d6zellikleri:<\/strong> Frans\u0131z tipi baget ekme\u011fi i\u00e7in geli\u015ftirici<\/p>\n<p><strong>Etkileri:<\/strong><\/p>\n<ul>\n<li>Baget ekmeklerinde daha iyi g\u00f6r\u00fcn\u00fcm sa\u011flar.<\/li>\n<li>Kabuk \u00e7\u0131t\u0131rl\u0131\u011f\u0131 ve gevrekli\u011fi sa\u011flar.<\/li>\n<li>Ekmek i\u00e7inin yumu\u015fak olmas\u0131n\u0131 sa\u011flar.<\/li>\n<\/ul>\n<p><strong>Kullan\u0131m Oranlar\u0131:<\/strong> 5 &#8212; 25 gr\/100 kg una<\/p>\n<p><strong>Ambalaj:<\/strong> 25 kg Karton koli<\/p>\n","protected":false},"featured_media":4477,"comment_status":"open","ping_status":"closed","template":"","meta":[],"product_brand":[],"product_cat":[48,30],"product_tag":[],"class_list":{"0":"post-4447","1":"product","2":"type-product","3":"status-publish","4":"has-post-thumbnail","6":"product_cat-ekmeklik-unlar","7":"product_cat-un-gelistiriciler","9":"first","10":"instock","11":"shipping-taxable","12":"product-type-simple"},"_links":{"self":[{"href":"https:\/\/triogida.com.tr\/ru\/wp-json\/wp\/v2\/product\/4447","targetHints":{"allow":["GET"]}}],"collection":[{"href":"https:\/\/triogida.com.tr\/ru\/wp-json\/wp\/v2\/product"}],"about":[{"href":"https:\/\/triogida.com.tr\/ru\/wp-json\/wp\/v2\/types\/product"}],"replies":[{"embeddable":true,"href":"https:\/\/triogida.com.tr\/ru\/wp-json\/wp\/v2\/comments?post=4447"}],"wp:featuredmedia":[{"embeddable":true,"href":"https:\/\/triogida.com.tr\/ru\/wp-json\/wp\/v2\/media\/4477"}],"wp:attachment":[{"href":"https:\/\/triogida.com.tr\/ru\/wp-json\/wp\/v2\/media?parent=4447"}],"wp:term":[{"taxonomy":"product_brand","embeddable":true,"href":"https:\/\/triogida.com.tr\/ru\/wp-json\/wp\/v2\/product_brand?post=4447"},{"taxonomy":"product_cat","embeddable":true,"href":"https:\/\/triogida.com.tr\/ru\/wp-json\/wp\/v2\/product_cat?post=4447"},{"taxonomy":"product_tag","embeddable":true,"href":"https:\/\/triogida.com.tr\/ru\/wp-json\/wp\/v2\/product_tag?post=4447"}],"curies":[{"name":"wp","href":"https:\/\/api.w.org\/{rel}","templated":true}]}}