{"id":4500,"date":"2023-03-08T23:36:24","date_gmt":"2023-03-08T20:36:24","guid":{"rendered":"https:\/\/triogida.com.tr\/?post_type=product&#038;p=4500"},"modified":"2023-03-16T18:53:54","modified_gmt":"2023-03-16T15:53:54","slug":"trizyme-rp-4000","status":"publish","type":"product","link":"https:\/\/triogida.com.tr\/fr\/trizyme-rp-4000\/","title":{"rendered":"trizyme RP 4000"},"content":{"rendered":"","protected":false},"excerpt":{"rendered":"<p><strong>\u00dcr\u00fcn \u00d6zellikleri:<\/strong> Rope hastal\u0131\u011f\u0131n\u0131 \u00f6nleyen antimikrobiyel<\/p>\n<p><strong>Etkileri:<\/strong> Ekmekte Rope hastal\u0131\u011f\u0131n\u0131 \u00f6nler.<\/p>\n<p><strong>Kullan\u0131m Oranlar\u0131:<\/strong> 20-40 gr\/100 kg una<\/p>\n<p><strong>Ambalaj:<\/strong> 25 kg Karton koli<\/p>\n","protected":false},"featured_media":4504,"comment_status":"open","ping_status":"closed","template":"","meta":[],"product_brand":[],"product_cat":[37],"product_tag":[],"class_list":{"0":"post-4500","1":"product","2":"type-product","3":"status-publish","4":"has-post-thumbnail","6":"product_cat-endustriyel-urunler","8":"first","9":"instock","10":"shipping-taxable","11":"product-type-simple"},"_links":{"self":[{"href":"https:\/\/triogida.com.tr\/fr\/wp-json\/wp\/v2\/product\/4500","targetHints":{"allow":["GET"]}}],"collection":[{"href":"https:\/\/triogida.com.tr\/fr\/wp-json\/wp\/v2\/product"}],"about":[{"href":"https:\/\/triogida.com.tr\/fr\/wp-json\/wp\/v2\/types\/product"}],"replies":[{"embeddable":true,"href":"https:\/\/triogida.com.tr\/fr\/wp-json\/wp\/v2\/comments?post=4500"}],"wp:featuredmedia":[{"embeddable":true,"href":"https:\/\/triogida.com.tr\/fr\/wp-json\/wp\/v2\/media\/4504"}],"wp:attachment":[{"href":"https:\/\/triogida.com.tr\/fr\/wp-json\/wp\/v2\/media?parent=4500"}],"wp:term":[{"taxonomy":"product_brand","embeddable":true,"href":"https:\/\/triogida.com.tr\/fr\/wp-json\/wp\/v2\/product_brand?post=4500"},{"taxonomy":"product_cat","embeddable":true,"href":"https:\/\/triogida.com.tr\/fr\/wp-json\/wp\/v2\/product_cat?post=4500"},{"taxonomy":"product_tag","embeddable":true,"href":"https:\/\/triogida.com.tr\/fr\/wp-json\/wp\/v2\/product_tag?post=4500"}],"curies":[{"name":"wp","href":"https:\/\/api.w.org\/{rel}","templated":true}]}}