{"id":4464,"date":"2023-03-08T23:36:16","date_gmt":"2023-03-08T20:36:16","guid":{"rendered":"https:\/\/triogida.com.tr\/?post_type=product&#038;p=4464"},"modified":"2023-03-16T18:57:22","modified_gmt":"2023-03-16T15:57:22","slug":"trizyme-ar-4000","status":"publish","type":"product","link":"https:\/\/triogida.com.tr\/fr\/trizyme-ar-4000\/","title":{"rendered":"trizyme AR 4000"},"content":{"rendered":"","protected":false},"excerpt":{"rendered":"<p><strong>\u00dcr\u00fcn \u00d6zellikleri:<\/strong> Ekmek aromas\u0131<\/p>\n<p><strong>Etkileri:<\/strong> Ekmek ve \u00e7e\u015fitli unlu mam\u00fcllerde g\u00fczel koku sa\u011flar.<\/p>\n<p><strong>Kullan\u0131m Oranlar\u0131:<\/strong> 10 &#8211; 30 gr\/100 kg una<\/p>\n<p><strong>Ambalaj:<\/strong> 25 kg Karton koli<\/p>\n","protected":false},"featured_media":4494,"comment_status":"open","ping_status":"closed","template":"","meta":[],"product_brand":[],"product_cat":[37],"product_tag":[],"class_list":{"0":"post-4464","1":"product","2":"type-product","3":"status-publish","4":"has-post-thumbnail","6":"product_cat-endustriyel-urunler","8":"first","9":"instock","10":"shipping-taxable","11":"product-type-simple"},"_links":{"self":[{"href":"https:\/\/triogida.com.tr\/fr\/wp-json\/wp\/v2\/product\/4464","targetHints":{"allow":["GET"]}}],"collection":[{"href":"https:\/\/triogida.com.tr\/fr\/wp-json\/wp\/v2\/product"}],"about":[{"href":"https:\/\/triogida.com.tr\/fr\/wp-json\/wp\/v2\/types\/product"}],"replies":[{"embeddable":true,"href":"https:\/\/triogida.com.tr\/fr\/wp-json\/wp\/v2\/comments?post=4464"}],"wp:featuredmedia":[{"embeddable":true,"href":"https:\/\/triogida.com.tr\/fr\/wp-json\/wp\/v2\/media\/4494"}],"wp:attachment":[{"href":"https:\/\/triogida.com.tr\/fr\/wp-json\/wp\/v2\/media?parent=4464"}],"wp:term":[{"taxonomy":"product_brand","embeddable":true,"href":"https:\/\/triogida.com.tr\/fr\/wp-json\/wp\/v2\/product_brand?post=4464"},{"taxonomy":"product_cat","embeddable":true,"href":"https:\/\/triogida.com.tr\/fr\/wp-json\/wp\/v2\/product_cat?post=4464"},{"taxonomy":"product_tag","embeddable":true,"href":"https:\/\/triogida.com.tr\/fr\/wp-json\/wp\/v2\/product_tag?post=4464"}],"curies":[{"name":"wp","href":"https:\/\/api.w.org\/{rel}","templated":true}]}}