{"id":4461,"date":"2023-03-08T23:36:16","date_gmt":"2023-03-08T20:36:16","guid":{"rendered":"https:\/\/triogida.com.tr\/?post_type=product&#038;p=4461"},"modified":"2023-03-20T22:39:13","modified_gmt":"2023-03-20T19:39:13","slug":"trizyme-ga-2000","status":"publish","type":"product","link":"https:\/\/triogida.com.tr\/en\/trizyme-ga-2000\/","title":{"rendered":"trizyme GA 2000"},"content":{"rendered":"","protected":false},"excerpt":{"rendered":"<p><strong>\u00dcr\u00fcn \u00d6zellikleri:<\/strong> Enzim Kombinasyonu<\/p>\n<p><strong>Etkileri:<\/strong><\/p>\n<ul>\n<li style=\"list-style-type: none;\">\n<ul>\n<li>Son \u00fcr\u00fcn rengini daha k\u0131zar\u0131k yapar.<\/li>\n<li>Donuk \u00fcr\u00fcnlerdeki soluk rengi engeller.<\/li>\n<\/ul>\n<\/li>\n<\/ul>\n<p><strong>Kullan\u0131m Oranlar\u0131:<\/strong> 0,5 &#8211; 10 gr\/100 kg una<\/p>\n<p><strong>Ambalaj:<\/strong> 25 kg Karton koli<\/p>\n","protected":false},"featured_media":4491,"comment_status":"open","ping_status":"closed","template":"","meta":[],"product_brand":[],"product_cat":[35,30],"product_tag":[],"class_list":{"0":"post-4461","1":"product","2":"type-product","3":"status-publish","4":"has-post-thumbnail","6":"product_cat-makarna","7":"product_cat-un-gelistiriciler","9":"first","10":"instock","11":"shipping-taxable","12":"product-type-simple"},"_links":{"self":[{"href":"https:\/\/triogida.com.tr\/en\/wp-json\/wp\/v2\/product\/4461","targetHints":{"allow":["GET"]}}],"collection":[{"href":"https:\/\/triogida.com.tr\/en\/wp-json\/wp\/v2\/product"}],"about":[{"href":"https:\/\/triogida.com.tr\/en\/wp-json\/wp\/v2\/types\/product"}],"replies":[{"embeddable":true,"href":"https:\/\/triogida.com.tr\/en\/wp-json\/wp\/v2\/comments?post=4461"}],"wp:featuredmedia":[{"embeddable":true,"href":"https:\/\/triogida.com.tr\/en\/wp-json\/wp\/v2\/media\/4491"}],"wp:attachment":[{"href":"https:\/\/triogida.com.tr\/en\/wp-json\/wp\/v2\/media?parent=4461"}],"wp:term":[{"taxonomy":"product_brand","embeddable":true,"href":"https:\/\/triogida.com.tr\/en\/wp-json\/wp\/v2\/product_brand?post=4461"},{"taxonomy":"product_cat","embeddable":true,"href":"https:\/\/triogida.com.tr\/en\/wp-json\/wp\/v2\/product_cat?post=4461"},{"taxonomy":"product_tag","embeddable":true,"href":"https:\/\/triogida.com.tr\/en\/wp-json\/wp\/v2\/product_tag?post=4461"}],"curies":[{"name":"wp","href":"https:\/\/api.w.org\/{rel}","templated":true}]}}