{"id":4446,"date":"2023-03-08T23:36:15","date_gmt":"2023-03-08T20:36:15","guid":{"rendered":"https:\/\/triogida.com.tr\/?post_type=product&#038;p=4446"},"modified":"2023-03-20T22:45:34","modified_gmt":"2023-03-20T19:45:34","slug":"trizyme-pr-1000","status":"publish","type":"product","link":"https:\/\/triogida.com.tr\/en\/trizyme-pr-1000\/","title":{"rendered":"trizyme PR 1000"},"content":{"rendered":"","protected":false},"excerpt":{"rendered":"<p><strong>\u00dcr\u00fcn \u00d6zellikleri:<\/strong><\/p>\n<ul>\n<li>Proteaz Enzimi<\/li>\n<li>50.000 NPU\/g<\/li>\n<\/ul>\n<p><strong>Etkileri:<\/strong><\/p>\n<ul>\n<li>Gluten ba\u011flar\u0131n\u0131 k\u0131rar.<\/li>\n<li>Yo\u011furma ve i\u015fleme s\u00fcresini d\u00fc\u015f\u00fcr\u00fcr.<\/li>\n<\/ul>\n<p><strong>Kullan\u0131m Oranlar\u0131:<\/strong> 2,5 &#8211; 10 gr\/100 kg una<\/p>\n<p><strong>Ambalaj:<\/strong> 25 kg Karton koli<\/p>\n","protected":false},"featured_media":4476,"comment_status":"open","ping_status":"closed","template":"","meta":[],"product_brand":[],"product_cat":[31,30],"product_tag":[],"class_list":{"0":"post-4446","1":"product","2":"type-product","3":"status-publish","4":"has-post-thumbnail","6":"product_cat-enzimler","7":"product_cat-un-gelistiriciler","9":"first","10":"instock","11":"shipping-taxable","12":"product-type-simple"},"_links":{"self":[{"href":"https:\/\/triogida.com.tr\/en\/wp-json\/wp\/v2\/product\/4446","targetHints":{"allow":["GET"]}}],"collection":[{"href":"https:\/\/triogida.com.tr\/en\/wp-json\/wp\/v2\/product"}],"about":[{"href":"https:\/\/triogida.com.tr\/en\/wp-json\/wp\/v2\/types\/product"}],"replies":[{"embeddable":true,"href":"https:\/\/triogida.com.tr\/en\/wp-json\/wp\/v2\/comments?post=4446"}],"wp:featuredmedia":[{"embeddable":true,"href":"https:\/\/triogida.com.tr\/en\/wp-json\/wp\/v2\/media\/4476"}],"wp:attachment":[{"href":"https:\/\/triogida.com.tr\/en\/wp-json\/wp\/v2\/media?parent=4446"}],"wp:term":[{"taxonomy":"product_brand","embeddable":true,"href":"https:\/\/triogida.com.tr\/en\/wp-json\/wp\/v2\/product_brand?post=4446"},{"taxonomy":"product_cat","embeddable":true,"href":"https:\/\/triogida.com.tr\/en\/wp-json\/wp\/v2\/product_cat?post=4446"},{"taxonomy":"product_tag","embeddable":true,"href":"https:\/\/triogida.com.tr\/en\/wp-json\/wp\/v2\/product_tag?post=4446"}],"curies":[{"name":"wp","href":"https:\/\/api.w.org\/{rel}","templated":true}]}}