{"id":4440,"date":"2023-03-08T23:36:15","date_gmt":"2023-03-08T20:36:15","guid":{"rendered":"https:\/\/triogida.com.tr\/?post_type=product&#038;p=4440"},"modified":"2023-03-20T22:43:04","modified_gmt":"2023-03-20T19:43:04","slug":"trizyme-fa-1001","status":"publish","type":"product","link":"https:\/\/triogida.com.tr\/en\/trizyme-fa-1001\/","title":{"rendered":"trizyme FA 1001"},"content":{"rendered":"","protected":false},"excerpt":{"rendered":"<p><strong>\u00dcr\u00fcn \u00d6zellikleri:<\/strong><\/p>\n<ul>\n<li>Alfa Amilaz Enzimi<\/li>\n<li>60.000 SKB\/gr<\/li>\n<\/ul>\n<p><strong>Etkileri:<\/strong><\/p>\n<ul>\n<li>Amilaz aktivitesini dengeler.<\/li>\n<li>Son \u00fcr\u00fcn kalitesini art\u0131r\u0131r.<\/li>\n<\/ul>\n<p><strong>Kullan\u0131m Oranlar\u0131:<\/strong> 0,25 &#8211; 2gr\/100 kg una<\/p>\n<p><strong>Ambalaj:<\/strong> 25 kg Karton koli<\/p>\n","protected":false},"featured_media":4470,"comment_status":"open","ping_status":"closed","template":"","meta":[],"product_brand":[],"product_cat":[31,30],"product_tag":[],"class_list":{"0":"post-4440","1":"product","2":"type-product","3":"status-publish","4":"has-post-thumbnail","6":"product_cat-enzimler","7":"product_cat-un-gelistiriciler","9":"first","10":"instock","11":"shipping-taxable","12":"product-type-simple"},"_links":{"self":[{"href":"https:\/\/triogida.com.tr\/en\/wp-json\/wp\/v2\/product\/4440","targetHints":{"allow":["GET"]}}],"collection":[{"href":"https:\/\/triogida.com.tr\/en\/wp-json\/wp\/v2\/product"}],"about":[{"href":"https:\/\/triogida.com.tr\/en\/wp-json\/wp\/v2\/types\/product"}],"replies":[{"embeddable":true,"href":"https:\/\/triogida.com.tr\/en\/wp-json\/wp\/v2\/comments?post=4440"}],"wp:featuredmedia":[{"embeddable":true,"href":"https:\/\/triogida.com.tr\/en\/wp-json\/wp\/v2\/media\/4470"}],"wp:attachment":[{"href":"https:\/\/triogida.com.tr\/en\/wp-json\/wp\/v2\/media?parent=4440"}],"wp:term":[{"taxonomy":"product_brand","embeddable":true,"href":"https:\/\/triogida.com.tr\/en\/wp-json\/wp\/v2\/product_brand?post=4440"},{"taxonomy":"product_cat","embeddable":true,"href":"https:\/\/triogida.com.tr\/en\/wp-json\/wp\/v2\/product_cat?post=4440"},{"taxonomy":"product_tag","embeddable":true,"href":"https:\/\/triogida.com.tr\/en\/wp-json\/wp\/v2\/product_tag?post=4440"}],"curies":[{"name":"wp","href":"https:\/\/api.w.org\/{rel}","templated":true}]}}